{"id":1086,"date":"2024-03-15T18:21:12","date_gmt":"2024-03-15T18:21:12","guid":{"rendered":"http:\/\/wptest.io\/demo\/?page_id=1086"},"modified":"2024-12-22T19:28:27","modified_gmt":"2024-12-22T19:28:27","slug":"hakkimizda","status":"publish","type":"page","link":"https:\/\/www.alfadisli.com\/?page_id=1086","title":{"rendered":"Hakk\u0131m\u0131zda"},"content":{"rendered":"<div class=\"wpb-content-wrapper\"><p>[vc_row css=&#8221;.vc_custom_1486635938421{padding-top: 80px !important;padding-bottom: 80px !important;}&#8221;][vc_column width=&#8221;1\/2&#8243; el_class=&#8221;fp-about-desc&#8221; css=&#8221;.vc_custom_1479962247750{padding-left: 45px !important;}&#8221;][vc_empty_space][vc_column_text css=&#8221;.vc_custom_1734819660611{margin-bottom: 30px !important;}&#8221; el_class=&#8221;fp-main-text&#8221;]<\/p>\n<h2 data-pm-slice=\"1 1 []\"><strong>Alfa Di\u015fli: 1976&#8217;dan Bu Yana Makina Par\u00e7as\u0131 \u00dcretiminde Lider<\/strong><\/h2>\n<p>[\/vc_column_text][vc_column_text css_animation=&#8221;fadeIn&#8221; css=&#8221;.vc_custom_1734798262213{margin-bottom: 20px !important;}&#8221;][\/vc_column_text][vc_column_text css=&#8221;.vc_custom_1734796627777{margin-bottom: 30px !important;}&#8221;]<\/p>\n<p data-pm-slice=\"1 1 []\"><strong>Hakk\u0131m\u0131zda<\/strong> 1976 y\u0131l\u0131nda kurulan Alfa Di\u015fli, makina par\u00e7alar\u0131 ve di\u015fli \u00fcretiminde sekt\u00f6r\u00fcn \u00f6nc\u00fclerinden biri olarak faaliyetlerini s\u00fcrd\u00fcrmektedir. Kurulu\u015fumuz, yar\u0131m asra yakla\u015fan tecr\u00fcbesi ve yenilik\u00e7i yakla\u015f\u0131m\u0131yla yerel ve uluslararas\u0131 pazarlar\u0131n ihtiya\u00e7lar\u0131na y\u00f6nelik \u00e7\u00f6z\u00fcmler sunmaktad\u0131r.<\/p>\n<p>\u00dcr\u00fcn yelpazemiz, hassasiyet ve dayan\u0131kl\u0131l\u0131k gerektiren makina par\u00e7alar\u0131ndan \u00f6zel \u00fcretim di\u015flilere kadar geni\u015f bir yelpazeyi kapsamaktad\u0131r. Bu geni\u015f \u00fcr\u00fcn portf\u00f6y\u00fc, sanayi, enerji, otomotiv ve tar\u0131m gibi \u00e7e\u015fitli sekt\u00f6rlerin \u00f6zel ihtiya\u00e7lar\u0131na \u00e7\u00f6z\u00fcm sunmam\u0131za olanak tan\u0131maktad\u0131r. Her bir \u00fcr\u00fcn\u00fcm\u00fczde kalite, hassasiyet ve dayan\u0131kl\u0131l\u0131k ilkelerimizi benimseyerek sekt\u00f6rde \u00f6rnek bir firma olman\u0131n gururunu ya\u015f\u0131yoruz.<\/p>\n<p>Teknolojik altyap\u0131m\u0131z\u0131n s\u00fcrekli g\u00fcncellenmesi, Ar-Ge \u00e7al\u0131\u015fmalar\u0131m\u0131za yapt\u0131\u011f\u0131m\u0131z yat\u0131r\u0131mlar ve alan\u0131nda uzman ekiplerimizle, hem standart hem de \u00f6zelle\u015ftirilebilir \u00e7\u00f6z\u00fcmler sunma yetene\u011fimizle fark yarat\u0131yoruz. ISO 9001 kalite sertifikas\u0131 ile desteklenen \u00fcretim s\u00fcre\u00e7lerimiz, m\u00fc\u015fteri memnuniyetini en \u00fcst d\u00fczeyde tutma taahh\u00fcd\u00fcm\u00fcz\u00fcn bir yans\u0131mas\u0131d\u0131r.<\/p>\n<p>Alfa Di\u015fli olarak, sadece \u00fcr\u00fcn kalitemizle de\u011fil, ayn\u0131 zamanda \u00e7evreye duyarl\u0131 ve s\u00fcrd\u00fcr\u00fclebilir bir yakla\u015f\u0131mla \u00fcretim yapmaktan da gurur duyuyoruz. Karbon ayak izimizi minimize eden yenilik\u00e7i projelerle, gelecek nesillere ya\u015fanabilir bir d\u00fcnya b\u0131rakmay\u0131 hedefliyoruz.<\/p>\n<p>Kurulu\u015fumuz, hem yerel hem de uluslararas\u0131 ba\u015far\u0131lar\u0131yla sekt\u00f6rdeki lider pozisyonunu g\u00fc\u00e7lendirmeye devam etmektedir. Alfa Di\u015fli olarak, &#8220;Gelece\u011fe Hareket&#8221; vizyonumuzla, daha g\u00fc\u00e7l\u00fc, daha dayan\u0131kl\u0131 ve daha yenilik\u00e7i \u00e7\u00f6z\u00fcmler sunmay\u0131 s\u00fcrd\u00fcrece\u011fiz.<\/p>\n<p>[\/vc_column_text][vc_single_image image=&#8221;1788&#8243; img_size=&#8221;full&#8221;][vc_single_image image=&#8221;1783&#8243; el_class=&#8221;fp-about-logo&#8221;][\/vc_column][vc_column width=&#8221;1\/2&#8243; el_class=&#8221;top-spacing&#8221;][vc_single_image image=&#8221;2417&#8243; img_size=&#8221;full&#8221; css=&#8221;&#8221;][\/vc_column][\/vc_row][vc_row][vc_column][vc_empty_space][\/vc_column][\/vc_row][vc_row][vc_column width=&#8221;1\/2&#8243;][vc_row_inner][vc_column_inner][vc_single_image image=&#8221;2413&#8243; alignment=&#8221;center&#8221; css=&#8221;&#8221;][vc_custom_heading text=&#8221;Misyonumuz&#8221; font_container=&#8221;tag:h2|text_align:center&#8221; google_fonts=&#8221;font_family:ABeeZee%3Aregular%2Citalic|font_style:400%20regular%3A400%3Anormal&#8221; css=&#8221;&#8221;][\/vc_column_inner][\/vc_row_inner][vc_column_text css=&#8221;.vc_custom_1734796986602{margin-bottom: 30px !important;}&#8221;]<\/p>\n<p data-pm-slice=\"1 1 []\">Alfa Di\u015fli olarak misyonumuz, \u00fcst\u00fcn kalitede makina par\u00e7alar\u0131 ve di\u015fli \u00e7\u00f6z\u00fcmleri sunarak, m\u00fc\u015fterilerimizin i\u015f hedeflerini ger\u00e7ekle\u015ftirmelerine katk\u0131 sa\u011flamakt\u0131r. Yenilik\u00e7i \u00e7\u00f6z\u00fcmler ve ileri teknolojiler kullanarak, \u00fcretimden lojisti\u011fe kadar t\u00fcm a\u015famalarda m\u00fckemmelli\u011fi hedefliyoruz. Uzun vadeli, g\u00fcvenilir i\u015f ortakl\u0131klar\u0131 kurarak sekt\u00f6rde fark yaratmak ve topluma de\u011fer katmak temel amac\u0131m\u0131zd\u0131r.<\/p>\n<p>M\u00fc\u015fterilerimize, \u00e7al\u0131\u015fanlar\u0131m\u0131za ve tedarik\u00e7ilerimize kar\u015f\u0131 sorumlulu\u011fumuzun bilincindeyiz. Bu sorumlulu\u011fu kaliteli \u00fcr\u00fcnler, \u015feffaf hizmet ve s\u00fcrebilirlik odakl\u0131 bir anlay\u0131\u015fla yerine getiriyoruz.[\/vc_column_text][\/vc_column][vc_column width=&#8221;1\/2&#8243;][vc_row_inner][vc_column_inner][vc_single_image image=&#8221;2413&#8243; alignment=&#8221;center&#8221; css=&#8221;&#8221;][\/vc_column_inner][\/vc_row_inner][vc_custom_heading text=&#8221;Vizyonumuz&#8221; font_container=&#8221;tag:h2|text_align:center&#8221; google_fonts=&#8221;font_family:ABeeZee%3Aregular%2Citalic|font_style:400%20regular%3A400%3Anormal&#8221; css=&#8221;&#8221;][vc_column_text css=&#8221;.vc_custom_1734797030468{margin-bottom: 30px !important;}&#8221;]<\/p>\n<p data-pm-slice=\"1 1 []\">Vizyonumuz, makina par\u00e7alar\u0131 ve di\u015fli \u00fcretiminde global liderlerden biri haline gelerek sekt\u00f6rde referans bir marka olmakt\u0131r. Teknolojik yeniliklere \u00f6nc\u00fcl\u00fck ederek, m\u00fc\u015fterilerimize daha g\u00fc\u00e7l\u00fc, verimli ve dayan\u0131kl\u0131 \u00e7\u00f6z\u00fcmler sunmay\u0131 hedefliyoruz.<\/p>\n<p>\u00c7evresel ve toplumsal sorumluluklar\u0131m\u0131z\u0131 g\u00f6zeterek, s\u00fcrebilir bir gelecek in\u015fa etme vizyonuyla hareket ediyoruz. Alfa Di\u015fli, teknoloji, yenilik ve insan oda\u011fl\u0131 bir yakla\u015f\u0131mla sekt\u00f6r\u00fc \u00f6nc\u00fcl\u00fck eden bir lider olma yolunda ilerlemeye devam edecektir.[\/vc_column_text][\/vc_column][\/vc_row][vc_row][vc_column][vc_separator css=&#8221;&#8221;][\/vc_column][\/vc_row][vc_row][vc_column][vc_empty_space][vc_empty_space][vc_empty_space][vc_custom_heading text=&#8221;Kalite Anlay\u0131\u015f\u0131m\u0131z&#8221; font_container=&#8221;tag:h2|text_align:center&#8221; google_fonts=&#8221;font_family:Alice%3Aregular|font_style:400%20regular%3A400%3Anormal&#8221; css=&#8221;&#8221;][vc_empty_space][vc_column_text css_animation=&#8221;fadeIn&#8221; css=&#8221;.vc_custom_1734798345885{margin-bottom: 30px !important;}&#8221;]<\/p>\n<p data-pm-slice=\"1 1 []\">\u00a0Alfa Di\u015fli olarak kalite anlay\u0131\u015f\u0131m\u0131z, m\u00fc\u015fterilerimize sundu\u011fumuz t\u00fcm \u00fcr\u00fcn ve hizmetlerde m\u00fckemmelli\u011fi hedeflemek \u00fczerine kuruludur. Kalite kontrol s\u00fcre\u00e7lerimiz, t\u00fcm \u00fcretim a\u015famalar\u0131nda detayl\u0131 \u00e7al\u0131\u015fmalarla desteklenmekte ve her bir \u00fcr\u00fcn\u00fcn uluslararas\u0131 standartlara uygunlu\u011fu sa\u011flanmaktad\u0131r.<\/p>\n<p style=\"text-align: center;\">M\u00fckemmellik aray\u0131\u015f\u0131m\u0131z yaln\u0131zca \u00fcr\u00fcnlerle s\u0131n\u0131rl\u0131 kalmay\u0131p, m\u00fc\u015fteri memnuniyeti, \u00e7al\u0131\u015fan mutlulu\u011fu ve i\u015f s\u00fcre\u00e7lerimizin her a\u015famas\u0131nda hissedilmektedir. Teknolojiye yat\u0131r\u0131m yaparak, s\u00fcrekli geli\u015fim prensibiyle, \u00e7\u00f6z\u00fcmlerimizi daha yenilik\u00e7i ve verimli hale getiriyoruz. Kalite bizim i\u00e7in bir sonu\u00e7 de\u011fil, s\u00fcrekli devam eden bir yolculuktur.<\/p>\n<p>[\/vc_column_text][vc_single_image image=&#8221;2426&#8243; img_size=&#8221;full&#8221; alignment=&#8221;center&#8221; css_animation=&#8221;fadeInUp&#8221; css=&#8221;&#8221;][vc_empty_space][vc_empty_space][vc_empty_space][vc_empty_space][\/vc_column][\/vc_row]<\/p>\n<\/div>","protected":false},"excerpt":{"rendered":"<p>[vc_row css=&#8221;.vc_custom_1486635938421{padding-top: 80px !important;padding-bottom: 80px !important;}&#8221;][vc_column width=&#8221;1\/2&#8243; el_class=&#8221;fp-about-desc&#8221; css=&#8221;.vc_custom_1479962247750{padding-left: 45px !important;}&#8221;][vc_empty_space][vc_column_text css=&#8221;.vc_custom_1734819660611{margin-bottom: 30px !important;}&#8221; el_class=&#8221;fp-main-text&#8221;] Alfa Di\u015fli: 1976&#8217;dan Bu Yana Makina Par\u00e7as\u0131 \u00dcretiminde Lider [\/vc_column_text][vc_column_text css_animation=&#8221;fadeIn&#8221; css=&#8221;.vc_custom_1734798262213{margin-bottom: 20px !important;}&#8221;][\/vc_column_text][vc_column_text css=&#8221;.vc_custom_1734796627777{margin-bottom:&hellip;<\/p>\n","protected":false},"author":1,"featured_media":0,"parent":0,"menu_order":0,"comment_status":"open","ping_status":"closed","template":"template-fullwidth.php","meta":{"footnotes":""},"class_list":["post-1086","page","type-page","status-publish","hentry","no-thumb"],"_links":{"self":[{"href":"https:\/\/www.alfadisli.com\/index.php?rest_route=\/wp\/v2\/pages\/1086","targetHints":{"allow":["GET"]}}],"collection":[{"href":"https:\/\/www.alfadisli.com\/index.php?rest_route=\/wp\/v2\/pages"}],"about":[{"href":"https:\/\/www.alfadisli.com\/index.php?rest_route=\/wp\/v2\/types\/page"}],"author":[{"embeddable":true,"href":"https:\/\/www.alfadisli.com\/index.php?rest_route=\/wp\/v2\/users\/1"}],"replies":[{"embeddable":true,"href":"https:\/\/www.alfadisli.com\/index.php?rest_route=%2Fwp%2Fv2%2Fcomments&post=1086"}],"version-history":[{"count":22,"href":"https:\/\/www.alfadisli.com\/index.php?rest_route=\/wp\/v2\/pages\/1086\/revisions"}],"predecessor-version":[{"id":2634,"href":"https:\/\/www.alfadisli.com\/index.php?rest_route=\/wp\/v2\/pages\/1086\/revisions\/2634"}],"wp:attachment":[{"href":"https:\/\/www.alfadisli.com\/index.php?rest_route=%2Fwp%2Fv2%2Fmedia&parent=1086"}],"curies":[{"name":"wp","href":"https:\/\/api.w.org\/{rel}","templated":true}]}}