{"id":1578,"date":"2016-10-15T09:38:33","date_gmt":"2016-10-15T09:38:33","guid":{"rendered":"http:\/\/localhost\/factoryplus\/?page_id=1578"},"modified":"2025-02-20T10:00:13","modified_gmt":"2025-02-20T10:00:13","slug":"contact","status":"publish","type":"page","link":"https:\/\/www.alfadisli.com\/?page_id=1578","title":{"rendered":"\u0130leti\u015fim"},"content":{"rendered":"<div class=\"wpb-content-wrapper\"><p>[vc_row css=&#8221;.vc_custom_1478074851311{padding-top: 75px !important;padding-bottom: 50px !important;}&#8221;][vc_column width=&#8221;1\/3&#8243;]<div class=\"fp-section-title clearfix  \">\n                <h2>\u0130leti\u015fim<\/h2>\n                \n            <\/div>[vc_row_inner css=&#8221;.vc_custom_1476672159379{margin-right: 50px !important;border-right-width: 1px !important;border-right-color: #f7f7f7 !important;border-right-style: solid !important;}&#8221;][vc_column_inner css=&#8221;.vc_custom_1476672407545{border-bottom-width: 1px !important;}&#8221;]<div class=\"fp-icon-box-5 icon-center dark-version \">\n\t\t\t\t <span class=\"fp-icon\"><i class=\"factory-technology\"><\/i><\/span>\n                 <h4>Sorular\u0131n\u0131z m\u0131 var? Bizi Aray\u0131n<\/h4>\n                <div class=\"sub-title\"><\/div>\n                <div class=\"desc\"><p><strong>Telefon:\u00a0<\/strong><a href=\"https:\/\/www.google.com\/search?q=alfa+di%C5%9Fli&amp;sca_esv=b36f0451ab2e42e6&amp;rlz=1C5CHFA_enTR970TR970&amp;sxsrf=ADLYWIIAfg7vNuMqIPKuzY2cEM6Gp8eBLA%3A1734799521083&amp;ei=ofBmZ5HYBPSrkdUPvMzbwQk&amp;oq=ALFA+D%C4%B0%C5%9EL%C4%B0&amp;gs_lp=Egxnd3Mtd2l6LXNlcnAiDUFMRkEgRMSwxZ5MxLAqAggAMgoQIxiABBgnGIoFMgsQLhiABBjHARivATIIEAAYgAQYywEyBhAAGBYYHjIIEAAYgAQYogQyCBAAGIAEGKIEMggQABiABBiiBDIIEAAYgAQYogQyGhAuGIAEGMcBGK8BGJcFGNwEGN4EGOAE2AEBSMUTULQHWIkIcAF4AZABAJgBpgGgAbECqgEDMC4yuAEByAEA-AEBmAIDoALEAsICBxAjGLADGCfCAgoQABiwAxjWBBhHmAMAiAYBkAYJugYGCAEQARgUkgcDMS4yoAfMEA&amp;sclient=gws-wiz-serp#\">+90 212 671 05 75 <\/a><\/p>\n<p><a href=\"https:\/\/www.google.com\/search?q=alfa+di%C5%9Fli&amp;sca_esv=b36f0451ab2e42e6&amp;rlz=1C5CHFA_enTR970TR970&amp;sxsrf=ADLYWIIAfg7vNuMqIPKuzY2cEM6Gp8eBLA%3A1734799521083&amp;ei=ofBmZ5HYBPSrkdUPvMzbwQk&amp;oq=ALFA+D%C4%B0%C5%9EL%C4%B0&amp;gs_lp=Egxnd3Mtd2l6LXNlcnAiDUFMRkEgRMSwxZ5MxLAqAggAMgoQIxiABBgnGIoFMgsQLhiABBjHARivATIIEAAYgAQYywEyBhAAGBYYHjIIEAAYgAQYogQyCBAAGIAEGKIEMggQABiABBiiBDIIEAAYgAQYogQyGhAuGIAEGMcBGK8BGJcFGNwEGN4EGOAE2AEBSMUTULQHWIkIcAF4AZABAJgBpgGgAbECqgEDMC4yuAEByAEA-AEBmAIDoALEAsICBxAjGLADGCfCAgoQABiwAxjWBBhHmAMAiAYBkAYJugYGCAEQARgUkgcDMS4yoAfMEA&amp;sclient=gws-wiz-serp#\">\u00a0 \u00a0 \u00a0 \u00a0 \u00a0 \u00a0 \u00a0 \u00a0 \u00a0 \u00a0<\/a><a href=\"https:\/\/www.google.com\/search?q=alfa+di%C5%9Fli&amp;sca_esv=b36f0451ab2e42e6&amp;rlz=1C5CHFA_enTR970TR970&amp;sxsrf=ADLYWIIAfg7vNuMqIPKuzY2cEM6Gp8eBLA%3A1734799521083&amp;ei=ofBmZ5HYBPSrkdUPvMzbwQk&amp;oq=ALFA+D%C4%B0%C5%9EL%C4%B0&amp;gs_lp=Egxnd3Mtd2l6LXNlcnAiDUFMRkEgRMSwxZ5MxLAqAggAMgoQIxiABBgnGIoFMgsQLhiABBjHARivATIIEAAYgAQYywEyBhAAGBYYHjIIEAAYgAQYogQyCBAAGIAEGKIEMggQABiABBiiBDIIEAAYgAQYogQyGhAuGIAEGMcBGK8BGJcFGNwEGN4EGOAE2AEBSMUTULQHWIkIcAF4AZABAJgBpgGgAbECqgEDMC4yuAEByAEA-AEBmAIDoALEAsICBxAjGLADGCfCAgoQABiwAxjWBBhHmAMAiAYBkAYJugYGCAEQARgUkgcDMS4yoAfMEA&amp;sclient=gws-wiz-serp#\">+90<\/a><a href=\"https:\/\/www.google.com\/search?q=alfa+di%C5%9Fli&amp;sca_esv=b36f0451ab2e42e6&amp;rlz=1C5CHFA_enTR970TR970&amp;sxsrf=ADLYWIIAfg7vNuMqIPKuzY2cEM6Gp8eBLA%3A1734799521083&amp;ei=ofBmZ5HYBPSrkdUPvMzbwQk&amp;oq=ALFA+D%C4%B0%C5%9EL%C4%B0&amp;gs_lp=Egxnd3Mtd2l6LXNlcnAiDUFMRkEgRMSwxZ5MxLAqAggAMgoQIxiABBgnGIoFMgsQLhiABBjHARivATIIEAAYgAQYywEyBhAAGBYYHjIIEAAYgAQYogQyCBAAGIAEGKIEMggQABiABBiiBDIIEAAYgAQYogQyGhAuGIAEGMcBGK8BGJcFGNwEGN4EGOAE2AEBSMUTULQHWIkIcAF4AZABAJgBpgGgAbECqgEDMC4yuAEByAEA-AEBmAIDoALEAsICBxAjGLADGCfCAgoQABiwAxjWBBhHmAMAiAYBkAYJugYGCAEQARgUkgcDMS4yoAfMEA&amp;sclient=gws-wiz-serp#\"> 540 671 05 75<\/a><\/p>\n<\/div>\n            <\/div>[\/vc_column_inner][\/vc_row_inner][vc_row_inner css=&#8221;.vc_custom_1478256534654{margin-right: 50px !important;border-right-width: 1px !important;border-right-color: #f7f7f7 !important;border-right-style: solid !important;}&#8221;][vc_column_inner]<div class=\"fp-icon-box-5 icon-center dark-version \">\n\t\t\t\t <span class=\"fp-icon\"><i class=\"factory-travel\"><\/i><\/span>\n                 <h4>Adres<\/h4>\n                <div class=\"sub-title\"><\/div>\n                <div class=\"desc\"><p>\u0130K\u0130TELLI OSB MAH. ESKOOP D BLOK SK. ESKOOP EVREN D<br \/>\nBLOK NO: 15<\/p>\n<p><a tabindex=\"0\" href=\"https:\/\/www.google.com\/maps\/place\/\/data=!4m2!3m1!1s0x14caae2bd6cdbd6f:0x9df903698f313fdb?sa=X&amp;ved=1t:8290&amp;ictx=111\" data-url=\"\/maps\/place\/\/data=!4m2!3m1!1s0x14caae2bd6cdbd6f:0x9df903698f313fdb?sa=X&amp;ved=2ahUKEwjshPXu6rmKAxWWJBAIHUlgAcQQ4kB6BAgHEAA\">Ba\u015fak\u015fehir\/\u0130stanbul<\/a><\/p>\n<\/div>\n            <\/div>[\/vc_column_inner][\/vc_row_inner][vc_row_inner css=&#8221;.vc_custom_1478256539742{margin-right: 50px !important;border-right-width: 1px !important;border-right-color: #f7f7f7 !important;border-right-style: solid !important;}&#8221;][vc_column_inner]<div class=\"fp-icon-box-5 icon-center dark-version \">\n\t\t\t\t <span class=\"fp-icon\"><i class=\"factory-business\"><\/i><\/span>\n                 <h4>Bize Ula\u015f\u0131n<\/h4>\n                <div class=\"sub-title\"><\/div>\n                <div class=\"desc\"><p>info@alfadisli.com<\/p>\n<\/div>\n            <\/div>[\/vc_column_inner][\/vc_row_inner][vc_row_inner css=&#8221;.vc_custom_1478256545206{margin-right: 50px !important;border-right-width: 1px !important;border-right-color: #f7f7f7 !important;border-right-style: solid !important;}&#8221;][vc_column_inner]<div class=\"fp-icon-box-5 icon-center dark-version \">\n\t\t\t\t <span class=\"fp-icon\"><i class=\"factory-wall-clock\"><\/i><\/span>\n                 <h4>\u00c7al\u0131\u015fma Saatlerimiz<\/h4>\n                <div class=\"sub-title\"><\/div>\n                <div class=\"desc\"><p>Pazartesi &#8211; Cuma: 08.00 ile 19.00<br \/>\nCumartesi: KAPALI<\/p>\n<\/div>\n            <\/div>[\/vc_column_inner][\/vc_row_inner][\/vc_column][vc_column width=&#8221;2\/3&#8243; el_class=&#8221;top-spacing&#8221;]<div class=\"fp-section-title clearfix  \">\n                <h2>Cevap Verelim<\/h2>\n                \n            <\/div>\n<div class=\"wpcf7 no-js\" id=\"wpcf7-f1589-o1\" lang=\"en-US\" dir=\"ltr\" data-wpcf7-id=\"1589\">\n<div class=\"screen-reader-response\"><p role=\"status\" aria-live=\"polite\" aria-atomic=\"true\"><\/p> <ul><\/ul><\/div>\n<form action=\"\/index.php?rest_route=%2Fwp%2Fv2%2Fpages%2F1578#wpcf7-f1589-o1\" method=\"post\" class=\"wpcf7-form init\" aria-label=\"Contact form\" novalidate=\"novalidate\" data-status=\"init\">\n<fieldset class=\"hidden-fields-container\"><input type=\"hidden\" name=\"_wpcf7\" value=\"1589\" \/><input type=\"hidden\" name=\"_wpcf7_version\" value=\"6.1.5\" \/><input type=\"hidden\" name=\"_wpcf7_locale\" value=\"en_US\" \/><input type=\"hidden\" name=\"_wpcf7_unit_tag\" value=\"wpcf7-f1589-o1\" \/><input type=\"hidden\" name=\"_wpcf7_container_post\" value=\"0\" \/><input type=\"hidden\" name=\"_wpcf7_posted_data_hash\" value=\"\" \/>\n<\/fieldset>\n<div class=\"fp-form fp-form-3\">\n\t<p class=\"field first-row\"><span class=\"wpcf7-form-control-wrap\" data-name=\"your-name\"><input size=\"40\" maxlength=\"400\" class=\"wpcf7-form-control wpcf7-text wpcf7-validates-as-required\" aria-required=\"true\" aria-invalid=\"false\" placeholder=\"Your Name*\" value=\"\" type=\"text\" name=\"your-name\" \/><\/span>\n\t<\/p>\n\t<p class=\"field last-row\"><span class=\"wpcf7-form-control-wrap\" data-name=\"your-email\"><input size=\"40\" maxlength=\"400\" class=\"wpcf7-form-control wpcf7-email wpcf7-validates-as-required wpcf7-text wpcf7-validates-as-email\" aria-required=\"true\" aria-invalid=\"false\" placeholder=\"Your Email*\" value=\"\" type=\"email\" name=\"your-email\" \/><\/span>\n\t<\/p>\n\t<p class=\"field first-row\"><span class=\"wpcf7-form-control-wrap\" data-name=\"your-phone\"><input size=\"40\" maxlength=\"400\" class=\"wpcf7-form-control wpcf7-text\" aria-invalid=\"false\" placeholder=\"Phone Number\" value=\"\" type=\"text\" name=\"your-phone\" \/><\/span>\n\t<\/p>\n\t<p class=\"field last-row\"><span class=\"wpcf7-form-control-wrap\" data-name=\"subject\"><input size=\"40\" maxlength=\"400\" class=\"wpcf7-form-control wpcf7-text wpcf7-validates-as-required\" aria-required=\"true\" aria-invalid=\"false\" placeholder=\"Subject*\" value=\"\" type=\"text\" name=\"subject\" \/><\/span>\n\t<\/p>\n\t<p class=\"field single-field\"><span class=\"wpcf7-form-control-wrap\" data-name=\"your-message\"><textarea cols=\"40\" rows=\"10\" maxlength=\"2000\" class=\"wpcf7-form-control wpcf7-textarea\" aria-invalid=\"false\" placeholder=\"Your Message...\" name=\"your-message\"><\/textarea><\/span>\n\t<\/p>\n\t<p class=\"field submit\"><input class=\"wpcf7-form-control wpcf7-submit has-spinner\" type=\"submit\" value=\"Send Message\" \/>\n\t<\/p>\n<\/div><div class=\"wpcf7-response-output\" aria-hidden=\"true\"><\/div>\n<\/form>\n<\/div>\n[\/vc_column][\/vc_row][vc_row full_width=&#8221;stretch_row_content_no_spaces&#8221;][vc_column][vc_gmaps link=&#8221;#E-8_JTNDaWZyYW1lJTIwc3JjJTNEJTIyaHR0cHMlM0ElMkYlMkZ3d3cuZ29vZ2xlLmNvbSUyRm1hcHMlMkZlbWJlZCUzRnBiJTNEJTIxMW0yOCUyMTFtMTIlMjExbTMlMjExZDM0NjUuNDU0NzcyNDEwMDY1MyUyMTJkMjguNzk4Njg3NTYxOTA2ODglMjEzZDQxLjA4NDA3NTAxNDYzNDMxNSUyMTJtMyUyMTFmMCUyMTJmMCUyMTNmMCUyMTNtMiUyMTFpMTAyNCUyMTJpNzY4JTIxNGYxMy4xJTIxNG0xMyUyMTNlNiUyMTRtNSUyMTFzMHgxNGNhYWY3Y2NhMDViZTY5JTI1M0EweDdiZTc2YWExYzE0MGJjNDclMjEyelJWTkxUMDlRSUU1dk9qRXlPQ3dneExCcmFYUmxiR3hwSUU5VFFpd2dNelEwT1RBZ1FtSEZuMkZyeFo5bGFHbHlMOFN3YzNSaGJtSjFiQSUyMTNtMiUyMTFkNDEuMDgzMTQwOSUyMTJkMjguODAxNjgwNTk5OTk5OTk3JTIxNG01JTIxMXMweDE0Y2FhZjY0YWRjOWQxMTElMjUzQTB4NDg5ZTk0MjIzZTBkNzVkNiUyMTJ6UlZOTFQwOVFMQ0RFc0d0cGRHVnNiR2tnVDFOQ0xDQXpORFE1TUNCQ1ljV2ZZV3ZGbjJWb2FYSXZ4TEJ6ZEdGdVluVnMlMjEzbTIlMjExZDQxLjA4NTAwMTElMjEyZDI4LjgwMTE1OTc5OTk5OTk5NyUyMTVlMSUyMTNtMiUyMTFzdHIlMjEyc3RyJTIxNHYxNzM0ODE3OTYzODczJTIxNW0yJTIxMXN0ciUyMTJzdHIlMjIlMjB3aWR0aCUzRCUyMjYwMCUyMiUyMGhlaWdodCUzRCUyMjQ1MCUyMiUyMHN0eWxlJTNEJTIyYm9yZGVyJTNBMCUzQiUyMiUyMGFsbG93ZnVsbHNjcmVlbiUzRCUyMiUyMiUyMGxvYWRpbmclM0QlMjJsYXp5JTIyJTIwcmVmZXJyZXJwb2xpY3klM0QlMjJuby1yZWZlcnJlci13aGVuLWRvd25ncmFkZSUyMiUzRSUzQyUyRmlmcmFtZSUzRQ==&#8221; css_animation=&#8221;fadeIn&#8221; css=&#8221;&#8221; title=&#8221;Konumumuz&#8221;][\/vc_column][\/vc_row]<\/p>\n<\/div>","protected":false},"excerpt":{"rendered":"<p>[vc_row css=&#8221;.vc_custom_1478074851311{padding-top: 75px !important;padding-bottom: 50px !important;}&#8221;][vc_column width=&#8221;1\/3&#8243;][vc_row_inner css=&#8221;.vc_custom_1476672159379{margin-right: 50px !important;border-right-width: 1px !important;border-right-color: #f7f7f7 !important;border-right-style: solid !important;}&#8221;][vc_column_inner css=&#8221;.vc_custom_1476672407545{border-bottom-width: 1px !important;}&#8221;][\/vc_column_inner][\/vc_row_inner][vc_row_inner css=&#8221;.vc_custom_1478256534654{margin-right: 50px !important;border-right-width: 1px !important;border-right-color: #f7f7f7 !important;border-right-style: solid !important;}&#8221;][vc_column_inner][\/vc_column_inner][\/vc_row_inner][vc_row_inner css=&#8221;.vc_custom_1478256539742{margin-right: 50px&hellip;<\/p>\n","protected":false},"author":1,"featured_media":0,"parent":0,"menu_order":0,"comment_status":"closed","ping_status":"closed","template":"template-fullwidth.php","meta":{"footnotes":""},"class_list":["post-1578","page","type-page","status-publish","hentry","no-thumb"],"_links":{"self":[{"href":"https:\/\/www.alfadisli.com\/index.php?rest_route=\/wp\/v2\/pages\/1578","targetHints":{"allow":["GET"]}}],"collection":[{"href":"https:\/\/www.alfadisli.com\/index.php?rest_route=\/wp\/v2\/pages"}],"about":[{"href":"https:\/\/www.alfadisli.com\/index.php?rest_route=\/wp\/v2\/types\/page"}],"author":[{"embeddable":true,"href":"https:\/\/www.alfadisli.com\/index.php?rest_route=\/wp\/v2\/users\/1"}],"replies":[{"embeddable":true,"href":"https:\/\/www.alfadisli.com\/index.php?rest_route=%2Fwp%2Fv2%2Fcomments&post=1578"}],"version-history":[{"count":14,"href":"https:\/\/www.alfadisli.com\/index.php?rest_route=\/wp\/v2\/pages\/1578\/revisions"}],"predecessor-version":[{"id":2752,"href":"https:\/\/www.alfadisli.com\/index.php?rest_route=\/wp\/v2\/pages\/1578\/revisions\/2752"}],"wp:attachment":[{"href":"https:\/\/www.alfadisli.com\/index.php?rest_route=%2Fwp%2Fv2%2Fmedia&parent=1578"}],"curies":[{"name":"wp","href":"https:\/\/api.w.org\/{rel}","templated":true}]}}