{"id":2439,"date":"2024-12-21T18:57:23","date_gmt":"2024-12-21T18:57:23","guid":{"rendered":"http:\/\/www.alfadisli.com\/?page_id=2439"},"modified":"2024-12-21T19:59:09","modified_gmt":"2024-12-21T19:59:09","slug":"uretim","status":"publish","type":"page","link":"https:\/\/www.alfadisli.com\/?page_id=2439","title":{"rendered":"\u00dcretim &#038; Hizmetler"},"content":{"rendered":"<div class=\"wpb-content-wrapper\"><p>[vc_row][vc_column][vc_custom_heading text=&#8221;&#8220;G\u00fc\u00e7l\u00fc Di\u015fliler, G\u00fc\u00e7l\u00fc \u00c7\u00f6z\u00fcmler!&#8220;&#8221; font_container=&#8221;tag:h2|text_align:center&#8221; google_fonts=&#8221;font_family:Cuprum%3Aregular%2Citalic%2C700%2C700italic|font_style:700%20bold%20regular%3A700%3Anormal&#8221; css=&#8221;&#8221;][\/vc_column][\/vc_row]<\/p>\n<\/div>","protected":false},"excerpt":{"rendered":"<p>[vc_row][vc_column][vc_custom_heading text=&#8221;&#8220;G\u00fc\u00e7l\u00fc Di\u015fliler, G\u00fc\u00e7l\u00fc \u00c7\u00f6z\u00fcmler!&#8220;&#8221; font_container=&#8221;tag:h2|text_align:center&#8221; google_fonts=&#8221;font_family:Cuprum%3Aregular%2Citalic%2C700%2C700italic|font_style:700%20bold%20regular%3A700%3Anormal&#8221; css=&#8221;&#8221;][\/vc_column][\/vc_row]<\/p>\n","protected":false},"author":2,"featured_media":0,"parent":0,"menu_order":0,"comment_status":"closed","ping_status":"closed","template":"","meta":{"footnotes":""},"class_list":["post-2439","page","type-page","status-publish","hentry","no-thumb"],"_links":{"self":[{"href":"https:\/\/www.alfadisli.com\/index.php?rest_route=\/wp\/v2\/pages\/2439","targetHints":{"allow":["GET"]}}],"collection":[{"href":"https:\/\/www.alfadisli.com\/index.php?rest_route=\/wp\/v2\/pages"}],"about":[{"href":"https:\/\/www.alfadisli.com\/index.php?rest_route=\/wp\/v2\/types\/page"}],"author":[{"embeddable":true,"href":"https:\/\/www.alfadisli.com\/index.php?rest_route=\/wp\/v2\/users\/2"}],"replies":[{"embeddable":true,"href":"https:\/\/www.alfadisli.com\/index.php?rest_route=%2Fwp%2Fv2%2Fcomments&post=2439"}],"version-history":[{"count":5,"href":"https:\/\/www.alfadisli.com\/index.php?rest_route=\/wp\/v2\/pages\/2439\/revisions"}],"predecessor-version":[{"id":2453,"href":"https:\/\/www.alfadisli.com\/index.php?rest_route=\/wp\/v2\/pages\/2439\/revisions\/2453"}],"wp:attachment":[{"href":"https:\/\/www.alfadisli.com\/index.php?rest_route=%2Fwp%2Fv2%2Fmedia&parent=2439"}],"curies":[{"name":"wp","href":"https:\/\/api.w.org\/{rel}","templated":true}]}}