{"id":2463,"date":"2024-12-21T20:16:52","date_gmt":"2024-12-21T20:16:52","guid":{"rendered":"http:\/\/www.alfadisli.com\/?page_id=2463"},"modified":"2024-12-21T20:33:24","modified_gmt":"2024-12-21T20:33:24","slug":"zincir-dislileri","status":"publish","type":"page","link":"https:\/\/www.alfadisli.com\/?page_id=2463","title":{"rendered":"Zincir Di\u015flileri"},"content":{"rendered":"<div class=\"wpb-content-wrapper\"><p>[vc_row][vc_column][vc_empty_space][vc_empty_space][\/vc_column][\/vc_row][vc_row][vc_column width=&#8221;1\/2&#8243; css=&#8221;.vc_custom_1734813291864{background-color: #FBFBFB !important;}&#8221;][vc_custom_heading text=&#8221;Zincir Di\u015fliler&#8221; google_fonts=&#8221;font_family:Cuprum%3Aregular%2Citalic%2C700%2C700italic|font_style:700%20bold%20regular%3A700%3Anormal&#8221; css_animation=&#8221;fadeIn&#8221; css=&#8221;&#8221;][vc_column_text css_animation=&#8221;fadeIn&#8221; css=&#8221;&#8221;]<\/p>\n<p data-pm-slice=\"1 1 []\"><strong>Zincir Di\u015flileri: G\u00fc\u00e7 ve Verimlili\u011fin Ayr\u0131lmaz Par\u00e7as\u0131<\/strong><\/p>\n<p><strong>Zincir Di\u015flilerin \u00d6nemi<\/strong> Zincir di\u015flileri, g\u00fc\u00e7 aktar\u0131m sistemlerinde eksenler aras\u0131 mesafenin fazla oldu\u011fu uygulamalarda tercih edilmektedir. Ayn\u0131 eksende d\u00f6nme hareketinin etkin \u015fekilde aktar\u0131lmas\u0131n\u0131 sa\u011flamak amac\u0131yla zincir di\u015fliler, y\u00fcksek mukavemeti ile \u00f6ne \u00e7\u0131kar. Ancak \u00e7ok y\u00fcksek devirli kullan\u0131m i\u00e7in ideal de\u011fildir.<\/p>\n<p>Bununla birlikte, zincir di\u015fliler, uzun s\u00fcreli ve verimli kullan\u0131m imkan\u0131 sunarak bir\u00e7ok sekt\u00f6rde tercih edilmektedir. \u00dcretimleri, DIN normlar\u0131na ve m\u00fc\u015fteri taleplerine uygun \u015fekilde hatve, boy ve s\u0131ra bilgileri esas al\u0131narak ger\u00e7ekle\u015ftirilir.<\/p>\n<p><strong>Zincir Di\u015fli Sistemleri<\/strong> Zincir di\u015fli sistemleri, zincirin kasnak ve di\u015flilere sar\u0131larak g\u00fcc\u00fc aktarmas\u0131n\u0131 sa\u011flayan bir mekanizmad\u0131r. \u00c7ok y\u00fcksek g\u00fc\u00e7 aktar\u0131m\u0131 gerektiren a\u011f\u0131r sanayi uygulamalar\u0131ndan tar\u0131m makinelerine kadar geni\u015f bir kullan\u0131m alan\u0131 sunar. Zincir di\u015flilerin kullan\u0131m alanlar\u0131 ve \u00f6ne \u00e7\u0131kan sekt\u00f6rler \u015funlard\u0131r:<\/p>\n<ul data-spread=\"false\">\n<li><strong>End\u00fcstriyel Makineler:<\/strong> Konvey\u00f6r sistemleri, bask\u0131 makineleri ve in\u015faat sekt\u00f6r\u00fcnde kullan\u0131lan vin\u00e7ler gibi uygulamalarda zincir di\u015fliler yayg\u0131n olarak kullan\u0131l\u0131r.<\/li>\n<li><strong>Tar\u0131m:<\/strong> Tar\u0131m makinelerinde motor g\u00fcc\u00fcn\u00fcn ekipmanlara aktar\u0131lmas\u0131nda zincir di\u015fliler \u00f6nemli bir rol oynar.<\/li>\n<li><strong>Otomotiv:<\/strong> Otomotiv sekt\u00f6r\u00fcnde motor g\u00fcc\u00fcn\u00fc tekerleklere aktaran zincir di\u015fliler, hareket sisteminin temel bile\u015fenlerindendir. Ayr\u0131ca bisikletlerde de zincir di\u015fliler pedaldan gelen g\u00fcc\u00fc tekerleklere aktar\u0131r.<\/li>\n<\/ul>\n<p><strong>Zincir Di\u015fli \u00c7e\u015fitleri<\/strong> G\u00fc\u00e7 aktar\u0131m sistemlerinin ayr\u0131lmaz bir par\u00e7as\u0131 olan zincir di\u015flileri, farkl\u0131 sekt\u00f6rlere ve ihtiya\u00e7lara uygun olarak \u00e7e\u015fitlendirilmi\u015ftir. \u00d6ne \u00e7\u0131kan zincir di\u015fli \u00e7e\u015fitleri \u015funlard\u0131r:<\/p>\n<ul data-spread=\"false\">\n<li><strong>Standart Zincir Di\u015fliler:<\/strong> Hafif ve y\u00fcksek g\u00fc\u00e7 aktar\u0131m\u0131 gerektiren uygulamalar i\u00e7in uygundur.<\/li>\n<li><strong>Konvey\u00f6r Zincir Di\u015flileri:<\/strong> Konvey\u00f6r sistemlerinde kullan\u0131lan bu di\u015fliler, sisteme tam uyum sa\u011flayacak teknik standartlarla \u00fcretilir.<\/li>\n<li><strong>Paslanmaz \u00c7elik Zincir Di\u015fliler:<\/strong> Korozyona ve d\u0131\u015f etkenlere kar\u015f\u0131 y\u00fcksek dayan\u0131kl\u0131l\u0131\u011f\u0131 ile uzun \u00f6m\u00fcrl\u00fc kullan\u0131m sunar.<\/li>\n<\/ul>\n<p><strong>Zincir Di\u015fli \u00c7e\u015fitlerimiz<\/strong><\/p>\n<ul data-spread=\"false\">\n<li>Zincir Di\u015flileri 3\/8\u2033 (06B)<\/li>\n<li>Zincir Di\u015flileri 1\/2\u2033 (08B)<\/li>\n<li>Zincir Di\u015flileri 5\/8\u2033 (10B)<\/li>\n<li>Zincir Di\u015flileri 3\/4\u2033 (12B)<\/li>\n<li>Zincir Di\u015flileri 1\u2033 (16B)<\/li>\n<li>Zincir Di\u015flileri 1 1\/4\u2033 (20B)<\/li>\n<li>Zincir Di\u015flileri 1 1\/2\u2033 (24B)<\/li>\n<\/ul>\n<p>Firmalar\u0131n taleplerine g\u00f6re \u00f6zel \u00fcretim zincir di\u015fli modelleri de sa\u011flanmaktad\u0131r. Teknik standartlara uygun zincir di\u015fliler, \u00f6l\u00e7\u00fcleri ve \u00f6zelliklerine ba\u011fl\u0131 olarak farkl\u0131 fiyatland\u0131rmalara sahiptir.<\/p>\n<p><strong>Zincir Di\u015fli \u00d6l\u00e7\u00fcleri<\/strong> Zincir di\u015fli \u00f6l\u00e7\u00fcleri, kullan\u0131m alan\u0131 ve sekt\u00f6rel ihtiya\u00e7lara g\u00f6re \u00e7e\u015fitlilik g\u00f6stermektedir. Kasnaklarla uyum i\u00e7inde \u00e7al\u0131\u015fan bu di\u015fliler, hareketin etkin bir \u015fekilde aktar\u0131lmas\u0131n\u0131 sa\u011flar. Alfa Di\u015fli olarak, m\u00fc\u015fteri taleplerine uygun \u00f6l\u00e7\u00fclerde \u00fcretim ger\u00e7ekle\u015ftirmekteyiz. Konvey\u00f6r, standart ve paslanmaz zincir di\u015fli gibi farkl\u0131 modellerde firmalara \u00f6zel \u00e7\u00f6z\u00fcmler sunuyoruz.<\/p>\n<p><strong>\u00dcretim S\u00fcrecimiz<\/strong> \u0130stanbul \u0130kitelli\u2019de yer alan modern tesislerimizde, T\u00fcrkiye\u2019nin lider firmalar\u0131na y\u00f6nelik zincir di\u015fli \u00fcretimi ger\u00e7ekle\u015ftirmekteyiz. Her biri y\u00fcksek kalite standartlar\u0131na uygun olarak \u00fcretilen di\u015fliler, g\u00fc\u00e7 aktar\u0131m sistemlerinde verimli ve uzun \u00f6m\u00fcrl\u00fc kullan\u0131m sunar. \u00dcretim s\u00fcrecimizde, m\u00fc\u015fteri ihtiya\u00e7lar\u0131na \u00f6zel teknik detaylara dikkat edilerek en iyi \u00e7\u00f6z\u00fcmler sa\u011flan\u0131r.<\/p>\n<p>Alfa Di\u015fli olarak, sekt\u00f6r\u00fcn farkl\u0131 ihtiya\u00e7lar\u0131na y\u00f6nelik \u00f6zel \u00e7\u00f6z\u00fcmler sunmaya devam ediyoruz. Zincir di\u015fliler ve di\u011fer \u00fcr\u00fcn gruplar\u0131m\u0131z hakk\u0131nda detayl\u0131 bilgi almak i\u00e7in bizimle ileti\u015fime ge\u00e7ebilirsiniz.[\/vc_column_text][\/vc_column][vc_column width=&#8221;1\/2&#8243;][vc_single_image image=&#8221;2492&#8243; img_size=&#8221;full&#8221; css=&#8221;&#8221;][vc_single_image image=&#8221;2385&#8243; img_size=&#8221;full&#8221; css_animation=&#8221;fadeInRight&#8221; css=&#8221;&#8221;][\/vc_column][\/vc_row][vc_row][vc_column][vc_empty_space][\/vc_column][\/vc_row]<\/p>\n<\/div>","protected":false},"excerpt":{"rendered":"<p>[vc_row][vc_column][vc_empty_space][vc_empty_space][\/vc_column][\/vc_row][vc_row][vc_column width=&#8221;1\/2&#8243; css=&#8221;.vc_custom_1734813291864{background-color: #FBFBFB !important;}&#8221;][vc_custom_heading text=&#8221;Zincir Di\u015fliler&#8221; google_fonts=&#8221;font_family:Cuprum%3Aregular%2Citalic%2C700%2C700italic|font_style:700%20bold%20regular%3A700%3Anormal&#8221; css_animation=&#8221;fadeIn&#8221; css=&#8221;&#8221;][vc_column_text css_animation=&#8221;fadeIn&#8221; css=&#8221;&#8221;] Zincir Di\u015flileri: G\u00fc\u00e7 ve Verimlili\u011fin Ayr\u0131lmaz Par\u00e7as\u0131 Zincir Di\u015flilerin \u00d6nemi Zincir di\u015flileri, g\u00fc\u00e7 aktar\u0131m sistemlerinde eksenler aras\u0131 mesafenin&hellip;<\/p>\n","protected":false},"author":2,"featured_media":0,"parent":0,"menu_order":0,"comment_status":"closed","ping_status":"closed","template":"","meta":{"footnotes":""},"class_list":["post-2463","page","type-page","status-publish","hentry","no-thumb"],"_links":{"self":[{"href":"https:\/\/www.alfadisli.com\/index.php?rest_route=\/wp\/v2\/pages\/2463","targetHints":{"allow":["GET"]}}],"collection":[{"href":"https:\/\/www.alfadisli.com\/index.php?rest_route=\/wp\/v2\/pages"}],"about":[{"href":"https:\/\/www.alfadisli.com\/index.php?rest_route=\/wp\/v2\/types\/page"}],"author":[{"embeddable":true,"href":"https:\/\/www.alfadisli.com\/index.php?rest_route=\/wp\/v2\/users\/2"}],"replies":[{"embeddable":true,"href":"https:\/\/www.alfadisli.com\/index.php?rest_route=%2Fwp%2Fv2%2Fcomments&post=2463"}],"version-history":[{"count":8,"href":"https:\/\/www.alfadisli.com\/index.php?rest_route=\/wp\/v2\/pages\/2463\/revisions"}],"predecessor-version":[{"id":2498,"href":"https:\/\/www.alfadisli.com\/index.php?rest_route=\/wp\/v2\/pages\/2463\/revisions\/2498"}],"wp:attachment":[{"href":"https:\/\/www.alfadisli.com\/index.php?rest_route=%2Fwp%2Fv2%2Fmedia&parent=2463"}],"curies":[{"name":"wp","href":"https:\/\/api.w.org\/{rel}","templated":true}]}}